{"id":118,"date":"2012-07-25T05:09:29","date_gmt":"2012-07-25T05:09:29","guid":{"rendered":"https:\/\/www.ablakkarter.hu\/polikarbonat\/"},"modified":"2021-12-08T15:23:48","modified_gmt":"2021-12-08T15:23:48","slug":"polikarbonat","status":"publish","type":"page","link":"https:\/\/www.ablakkarter.hu\/?page_id=118","title":{"rendered":"Polikarbon\u00e1t"},"content":{"rendered":"<div align=\"center\">\n<table style=\"width: 550px;\" cellspacing=\"1\" cellpadding=\"1\" border=\"1\">\n<tbody>\n<tr>\n<td><a href=\"\/uregkamras-polikarbonat\"><img loading=\"lazy\" decoding=\"async\" class=\" size-full wp-image-114\" src=\"https:\/\/www.ablakkarter.hu\/wp-content\/uploads\/2012\/07\/polikarbonat_akcio.jpg\" alt=\"\" width=\"175\" height=\"108\"><\/a><\/td>\n<td><a href=\"\/polikarbonat-es-pvc-hullam-es-trapezlemezek\"><img loading=\"lazy\" decoding=\"async\" class=\" size-full wp-image-115\" src=\"https:\/\/www.ablakkarter.hu\/wp-content\/uploads\/2012\/07\/viztiszta_polikarbonat.jpg\" alt=\"\" width=\"171\" height=\"110\" srcset=\"https:\/\/www.ablakkarter.hu\/wp-content\/uploads\/2012\/07\/viztiszta_polikarbonat.jpg 480w, https:\/\/www.ablakkarter.hu\/wp-content\/uploads\/2012\/07\/viztiszta_polikarbonat-300x195.jpg 300w\" sizes=\"auto, (max-width: 171px) 100vw, 171px\" \/><\/a><\/td>\n<td><strong><a href=\"\/tomor-polikarbonat-lemezek\"><img loading=\"lazy\" decoding=\"async\" class=\" size-full wp-image-116\" src=\"https:\/\/www.ablakkarter.hu\/wp-content\/uploads\/2012\/07\/polikarbonat_trapezlemez_arak.jpg\" alt=\"\" width=\"196\" height=\"108\"><\/a><\/strong><\/td>\n<td><a href=\"\/pmmaakrilplexi-lemezek\"><img loading=\"lazy\" decoding=\"async\" class=\" size-full wp-image-117\" src=\"https:\/\/www.ablakkarter.hu\/wp-content\/uploads\/2012\/07\/akril_lemez.jpg\" alt=\"\" width=\"178\" height=\"109\"><\/a><\/td>\n<\/tr>\n<tr>\n<td style=\"background-color: #cc0000; text-align: center;\"><a href=\"\/uregkamras-polikarbonat\"><span style=\"color: #ffffff;\"><span style=\"font-size: 14px;\"><span style=\"font-family: verdana,geneva,sans-serif;\"><strong>\u00dcregkamr\u00e1s polikarbon\u00e1t<\/strong><\/span><\/span><\/span><\/a><\/td>\n<td style=\"background-color: #cc0000; text-align: center;\"><a href=\"\/tomor-polikarbonat-lemezek\"><span style=\"color: #ffffff;\"><strong><span style=\"font-size: 14px;\"><span style=\"font-family: verdana,geneva,sans-serif;\">T\u00f6m\u00f6r polikarbon\u00e1t <\/span><\/span><\/strong><\/span><\/a><\/td>\n<td style=\"background-color: #cc0000; text-align: center;\"><a href=\"\/polikarbonat-es-pvc-hullam-es-trapezlemezek\"><span style=\"color: #ffffff;\"><strong><span style=\"font-size: 14px;\"><span style=\"font-family: verdana,geneva,sans-serif;\">Polikarbon\u00e1t trap\u00e9zlemez<\/span><\/span><\/strong><\/span><\/a><\/td>\n<td style=\"background-color: #cc0000; text-align: center;\"><a href=\"\/pmmaakrilplexi-lemezek\"><span style=\"color: #ffffff;\"><strong><span style=\"font-size: 14px;\"><span style=\"font-family: verdana,geneva,sans-serif;\">Plexi-Akril lemez<\/span><\/span><\/strong><\/span><\/a><\/td>\n<\/tr>\n<\/tbody>\n<\/table>\n<\/div>\n<h1 style=\"text-align: center;\"><span style=\"font-size: 16px;\"><span style=\"font-family: verdana,geneva,sans-serif;\"><strong>Polikarbon\u00e1t lemezek \u00e9s szerel\u00e9si anyagok.<\/strong><\/span><\/span><\/h1>\n<p style=\"text-align: center;\"><span style=\"font-size: 16px;\"><span style=\"font-family: verdana,geneva,sans-serif;\"><strong>Polikarbon\u00e1t g\u00e9pkocsi be\u00e1ll\u00f3 \u2013 Polikarbon\u00e1t t\u00e9likert \u2013 Polikarbon\u00e1t medencefed\u00e9s \u2013 Polikarbon\u00e1t n\u00f6v\u00e9nyh\u00e1z &#8211; Polikarbon\u00e1t teraszfed\u00e9s<\/strong><\/span><\/span><\/p>\n<p style=\"text-align: center;\"><span style=\"font-size: 16px;\"><span style=\"font-family: verdana,geneva,sans-serif;\"><strong>\u00dcregkamr\u00e1s polikarbon\u00e1t lemezek<\/strong><\/span><\/span><\/p>\n<p style=\"text-align: center;\"><span style=\"font-size: 16px;\"><span style=\"font-family: verdana,geneva,sans-serif;\"><strong>T\u00f6m\u00f6r polikarbon\u00e1t lemezek<\/strong><\/span><\/span><\/p>\n<p style=\"text-align: center;\"><span style=\"font-size: 16px;\"><span style=\"font-family: verdana,geneva,sans-serif;\"><strong>Plexi (akril) lemezek<\/strong><\/span><\/span><\/p>\n<p style=\"text-align: center;\"><strong><span style=\"font-size: 14px;\"><span style=\"font-family: verdana,geneva,sans-serif;\">A Karter Ablak Kft \u00fczleteiben v\u00e1s\u00e1rolt polikarbon\u00e1t lapokat \u00e9s plexi lemezeket valamint a szerel\u00e9shez sz\u00fcks\u00e9ges kieg\u00e9sz\u00edt\u0151 anyagokat a megrendel\u0151 ig\u00e9nyeinek megfelel\u0151en pontos m\u00e9retre v\u00e1gjuk<\/span><\/span>!<\/strong><\/p>\n<p style=\"text-align: center;\"><span style=\"font-size: 14px;\"><span style=\"font-family: verdana,geneva,sans-serif;\"><strong>A polikarbon\u00e1t lapok \u00e9s a plexi lemezek m\u00e9retre v\u00e1g\u00e1sa ingyenes!<\/strong><\/span><\/span><\/p>\n<p style=\"text-align: center;\"><span style=\"font-size: 16px;\"><span style=\"font-family: verdana,geneva,sans-serif;\"><strong>Polikarbon\u00e1t Baja &#8211; <span style=\"font-size: 16px;\"><span style=\"font-family: verdana,geneva,sans-serif;\"><strong>Polikarbon\u00e1t Kalocsa &#8211;<span style=\"font-size: 16px;\"><span style=\"font-family: verdana,geneva,sans-serif;\"><strong>Polikarbon\u00e1t Kisk\u0151r\u00f6s<br \/>\n<\/strong><\/span><\/span><\/strong><\/span><\/span><\/strong><\/span><\/span><\/p>\n<p style=\"text-align: center;\">\n","protected":false},"excerpt":{"rendered":"<div align=\"center\">\n<table border=\"1\" cellpadding=\"1\" cellspacing=\"1\" style=\"width: 550px;\">\n<tbody>\n<tr>\n<td><a href=\"\/uregkamras-polikarbonat\"><img loading=\"lazy\" decoding=\"async\" class=\" size-full wp-image-114\" alt=\"\" height=\"108\" src=\"https:\/\/www.ablakkarter.hu\/wp-content\/uploads\/2012\/07\/polikarbonat_akcio.jpg\" width=\"175\" \/><\/a><\/td>\n<td><a href=\"\/polikarbonat-es-pvc-hullam-es-trapezlemezek\"><img loading=\"lazy\" decoding=\"async\" class=\" size-full wp-image-115\" alt=\"\" height=\"110\" src=\"https:\/\/www.ablakkarter.hu\/wp-content\/uploads\/2012\/07\/viztiszta_polikarbonat.jpg\" width=\"171\" srcset=\"https:\/\/www.ablakkarter.hu\/wp-content\/uploads\/2012\/07\/viztiszta_polikarbonat.jpg 480w, https:\/\/www.ablakkarter.hu\/wp-content\/uploads\/2012\/07\/viztiszta_polikarbonat-300x195.jpg 300w\" sizes=\"auto, (max-width: 171px) 100vw, 171px\" \/><\/a><\/td>\n<td><strong><a href=\"\/tomor-polikarbonat-lemezek\"><img loading=\"lazy\" decoding=\"async\" class=\" size-full wp-image-116\" alt=\"\" height=\"108\" src=\"https:\/\/www.ablakkarter.hu\/wp-content\/uploads\/2012\/07\/polikarbonat_trapezlemez_arak.jpg\" width=\"196\" \/><\/a><\/strong><\/td>\n<td><a href=\"\/pmmaakrilplexi-lemezek\"><img loading=\"lazy\" decoding=\"async\" class=\" size-full wp-image-117\" alt=\"\" height=\"109\" src=\"https:\/\/www.ablakkarter.hu\/wp-content\/uploads\/2012\/07\/akril_lemez.jpg\" width=\"178\" \/><\/a><\/td>\n<\/tr>\n<tr>\n<td style=\"background-color: rgb(204, 0, 0); text-align: center;\"><a href=\"\/uregkamras-polikarbonat\"><span style=\"color:#ffffff;\"><span style=\"font-size: 14px;\"><span style=\"font-family: verdana,geneva,sans-serif;\"><strong>\u00dcregkamr\u00e1s polikarbon\u00e1t<\/strong><\/span><\/span><\/span><\/a><\/td>\n<td style=\"background-color: rgb(204, 0, 0); text-align: center;\"><a href=\"\/tomor-polikarbonat-lemezek\"><span style=\"color:#ffffff;\"><strong><span style=\"font-size: 14px;\"><span style=\"font-family: verdana,geneva,sans-serif;\">T\u00f6m\u00f6r polikarbon\u00e1t <\/span><\/span><\/strong><\/span><\/a><\/td>\n<td style=\"background-color: rgb(204, 0, 0); text-align: center;\"><a href=\"\/polikarbonat-es-pvc-hullam-es-trapezlemezek\"><span style=\"color:#ffffff;\"><strong><span style=\"font-size: 14px;\"><span style=\"font-family: verdana,geneva,sans-serif;\">Polikarbon\u00e1t trap\u00e9zlemez<\/span><\/span><\/strong><\/span><\/a><\/td>\n<td style=\"background-color: rgb(204, 0, 0); text-align: center;\"><a href=\"\/pmmaakrilplexi-lemezek\"><span style=\"color:#ffffff;\"><strong><span style=\"font-size: 14px;\"><span style=\"font-family: verdana,geneva,sans-serif;\">Plexi-Akril lemez<\/span><\/span><\/strong><\/span><\/a><\/td>\n<\/tr>\n<\/tbody>\n<\/table>\n<\/div>\n<h1 style=\"text-align: center;\"><span style=\"font-size:16px;\"><span style=\"font-family: verdana,geneva,sans-serif;\"><strong>Polikarbon\u00e1t lemezek \u00e9s szerel\u00e9si anyagok.<\/strong><\/span><\/span><\/h1>\n<p style=\"text-align: center;\"><span style=\"font-size:16px;\"><span style=\"font-family: verdana,geneva,sans-serif;\"><strong>Polikarbon\u00e1t g\u00e9pkocsi be\u00e1ll\u00f3 &ndash; Polikarbon\u00e1t t\u00e9likert &ndash; Polikarbon\u00e1t medencefed\u00e9s &ndash; Polikarbon\u00e1t n\u00f6v\u00e9nyh\u00e1z &#8211; Polikarbon\u00e1t teraszfed\u00e9s<\/strong><\/span><\/span><\/p>\n<p style=\"text-align: center;\"><span style=\"font-size:16px;\"><span style=\"font-family: verdana,geneva,sans-serif;\"><strong>\u00dcregkamr\u00e1s polikarbon\u00e1t lemezek<\/strong><\/span><\/span><\/p>\n<p style=\"text-align: center;\"><span style=\"font-size:16px;\"><span style=\"font-family: verdana,geneva,sans-serif;\"><strong>T\u00f6m\u00f6r polikarbon\u00e1t lemezek<\/strong><\/span><\/span><\/p>\n<p style=\"text-align: center;\"><span style=\"font-size:16px;\"><span style=\"font-family: verdana,geneva,sans-serif;\"><strong>Plexi (akril) lemezek<\/strong><\/span><\/span><\/p>\n<p style=\"text-align: center;\"><strong><span style=\"font-size:14px;\"><span style=\"font-family: verdana,geneva,sans-serif;\">A Karter Ablak Kft \u00fczleteiben v\u00e1s\u00e1rolt polikarbon\u00e1t lapokat \u00e9s plexi lemezeket valamint a szerel\u00e9shez sz\u00fcks\u00e9ges kieg\u00e9sz\u00edt\u0151 anyagokat a megrendel\u0151 ig\u00e9nyeinek megfelel\u0151en pontos m\u00e9retre v\u00e1gjuk<\/span><\/span>!<\/strong><\/p>\n<p style=\"text-align: center;\"><span style=\"font-size:14px;\"><span style=\"font-family: verdana,geneva,sans-serif;\"><strong>A polikarbon\u00e1t lapok \u00e9s a plexi lemezek m\u00e9retre v\u00e1g\u00e1sa ingyenes!<\/strong><\/span><\/span><\/p>\n<p style=\"text-align: center;\"><span style=\"font-size:16px;\"><span style=\"font-family: verdana,geneva,sans-serif;\"><strong>Polikarbon\u00e1t Baja &#8211; <span style=\"font-size:16px;\"><span style=\"font-family: verdana,geneva,sans-serif;\"><strong>Polikarbon\u00e1t Kalocsa &#8211;<span style=\"font-size:16px;\"><span style=\"font-family: verdana,geneva,sans-serif;\"><strong>Polikarbon\u00e1t Szeksz\u00e1rd<\/strong><\/span><\/span><\/strong><\/span><\/span><\/strong><\/span><\/span><\/p>\n","protected":false},"author":1,"featured_media":1118,"parent":0,"menu_order":0,"comment_status":"closed","ping_status":"closed","template":"","meta":{"footnotes":""},"class_list":["post-118","page","type-page","status-publish","has-post-thumbnail","hentry"],"_links":{"self":[{"href":"https:\/\/www.ablakkarter.hu\/index.php?rest_route=\/wp\/v2\/pages\/118","targetHints":{"allow":["GET"]}}],"collection":[{"href":"https:\/\/www.ablakkarter.hu\/index.php?rest_route=\/wp\/v2\/pages"}],"about":[{"href":"https:\/\/www.ablakkarter.hu\/index.php?rest_route=\/wp\/v2\/types\/page"}],"author":[{"embeddable":true,"href":"https:\/\/www.ablakkarter.hu\/index.php?rest_route=\/wp\/v2\/users\/1"}],"replies":[{"embeddable":true,"href":"https:\/\/www.ablakkarter.hu\/index.php?rest_route=%2Fwp%2Fv2%2Fcomments&post=118"}],"version-history":[{"count":3,"href":"https:\/\/www.ablakkarter.hu\/index.php?rest_route=\/wp\/v2\/pages\/118\/revisions"}],"predecessor-version":[{"id":848,"href":"https:\/\/www.ablakkarter.hu\/index.php?rest_route=\/wp\/v2\/pages\/118\/revisions\/848"}],"wp:featuredmedia":[{"embeddable":true,"href":"https:\/\/www.ablakkarter.hu\/index.php?rest_route=\/wp\/v2\/media\/1118"}],"wp:attachment":[{"href":"https:\/\/www.ablakkarter.hu\/index.php?rest_route=%2Fwp%2Fv2%2Fmedia&parent=118"}],"curies":[{"name":"wp","href":"https:\/\/api.w.org\/{rel}","templated":true}]}}