{"id":11,"date":"2012-05-24T21:03:02","date_gmt":"2012-05-24T21:03:02","guid":{"rendered":"https:\/\/www.ablakkarter.hu\/karter-thermo68\/"},"modified":"2022-03-29T13:20:05","modified_gmt":"2022-03-29T13:20:05","slug":"karter-thermo68","status":"publish","type":"page","link":"https:\/\/www.ablakkarter.hu\/?page_id=11","title":{"rendered":"KARTER Thermo68"},"content":{"rendered":"<table style=\"width: 700px;\" border=\"0\" cellspacing=\"1\" cellpadding=\"1\">\n<tbody>\n<tr>\n<td>\n<ul>\n<li><span style=\"font-family: verdana,geneva,sans-serif;\"><span style=\"font-size: 14px;\">Be\u00e9p\u00edt\u00e9si m\u00e9lys\u00e9g: 68mm<\/span><\/span><\/li>\n<li><span style=\"font-family: verdana,geneva,sans-serif;\"><span style=\"font-size: 14px;\">Hossztoldott r\u00e9tegragasztott borovi feny\u0151 vagy lucfeny\u0151<\/span><\/span><\/li>\n<li><span style=\"font-family: verdana,geneva,sans-serif;\"><span style=\"font-size: 14px;\">\u00a0EPDM CS125 t\u00f6m\u00edt\u00e9s<\/span><\/span><\/li>\n<li><span style=\"font-family: verdana,geneva,sans-serif;\"><span style=\"font-size: 14px;\">\u00dcveg 2r\u00e9teg\u0171: U<sub>g <\/sub>=1,0 W\/m<sup>2<\/sup>K (4Float-16Ar-4Low-E)<\/span><\/span><\/li>\n<li><span style=\"font-family: verdana,geneva,sans-serif;\"><span style=\"font-size: 14px;\">\u00dcveg 3r\u00e9teg\u0171: Low-E 4-12-4-12-4Low-E+Argon h\u0151szigetelt \u00fcvegez\u00e9s<\/span><\/span><\/li>\n<li><span style=\"font-family: verdana,geneva,sans-serif;\"><span style=\"font-size: 14px;\">Fel\u00fcletkezelt ablakokon ALURON szokny\u00e1s v\u00edzvet\u0151 \u00e9s sz\u00e1rnytakar\u00f3 profil<\/span><\/span><\/li>\n<li><span style=\"font-family: verdana,geneva,sans-serif;\"><span style=\"font-size: 14px;\">ROTO NT biztons\u00e1gi vasalat \u00a0hib\u00e1s m\u0171k\u00f6dtet\u00e9s g\u00e1tl\u00f3 \u00e9s r\u00e9sszell\u0151ztet\u0151 funkci\u00f3val<\/span><\/span><\/li>\n<li><span style=\"font-family: verdana,geneva,sans-serif;\"><span style=\"font-size: 14px;\">Hoppe elox\u00e1lt alum\u00ednium kilincs<\/span><\/span><\/li>\n<li><span style=\"font-family: verdana,geneva,sans-serif;\"><span style=\"font-size: 14px;\">V\u00e1laszthat\u00f3 kilincs sz\u00ednek: F2 Pezsg\u0151; F4 Bronz; <\/span><\/span><\/li>\n<\/ul>\n<p><span style=\"font-family: verdana,geneva,sans-serif;\"><span style=\"font-size: 14px;\">MILESI SPA HYDROCROM gy\u00e1ri laz\u00faros 3+1 r\u00e9teg\u0171 fel\u00fcletkezel\u00e9s (21 f\u00e9le standard sz\u00edn + feh\u00e9r) sz\u00ednminta alapj\u00e1n! <\/span><\/span><\/p>\n<p><span style=\"font-size: 14px;\"><span style=\"font-family: verdana,geneva,sans-serif;\">Sz\u00ednminta megtekint\u00e9se:<\/span><\/span><\/p>\n<p><strong><span style=\"font-size: 14px;\"><span style=\"font-family: verdana,geneva,sans-serif;\"><a href=\"http:\/\/www.ablakkarter.hu\/sites\/default\/files\/Vastaglaz%C3%BAr%20sz%C3%ADnl%C3%A9tra_borovifeny%C5%91n.pdf\"><span style=\"color: #ffd700;\"><span style=\"color: #000000;\">Vastaglaz\u00far sz\u00ednl\u00e9tra borovifeny\u0151n<\/span><\/span><\/a><\/span><\/span><\/strong><\/td>\n<td>\n<p style=\"text-align: left;\"><img loading=\"lazy\" decoding=\"async\" class=\" size-full wp-image-7\" src=\"https:\/\/www.ablakkarter.hu\/wp-content\/uploads\/2012\/05\/FA68.png\" alt=\"\" width=\"240\" height=\"310\" \/><\/p>\n<\/td>\n<\/tr>\n<\/tbody>\n<\/table>\n<h2 class=\"art-postheader\"><a href=\"\/karter-thermo78\"><span style=\"color: #ffd700;\">Tov\u00e1bb a KARTER Thermo78 oldalra<\/span><\/a><\/h2>\n","protected":false},"excerpt":{"rendered":"<p>&nbsp;<\/p>\n<table border=\"0\" cellpadding=\"1\" cellspacing=\"1\" style=\"width: 700px;\">\n<tbody>\n<tr>\n<td>\n<ul>\n<li><span style=\"font-family:verdana,geneva,sans-serif;\"><span style=\"font-size: 14px;\">Be\u00e9p\u00edt\u00e9si m\u00e9lys\u00e9g: 68mm<\/span><\/span><\/li>\n<li><span style=\"font-family:verdana,geneva,sans-serif;\"><span style=\"font-size: 14px;\">Hossztoldott r\u00e9tegragasztott borovi feny\u0151 vagy lucfeny\u0151<\/span><\/span><\/li>\n<li><span style=\"font-family:verdana,geneva,sans-serif;\"><span style=\"font-size: 14px;\">&nbsp;EPDM CS125 t\u00f6m\u00edt\u00e9s<\/span><\/span><\/li>\n<li><span style=\"font-family:verdana,geneva,sans-serif;\"><span style=\"font-size: 14px;\">\u00dcveg 2r\u00e9teg\u0171: U<sub>g <\/sub>=1,0 W\/m<sup>2<\/sup>K (4Float-16Ar-4Low-E)<\/span><\/span><\/li>\n<li><span style=\"font-family:verdana,geneva,sans-serif;\"><span style=\"font-size: 14px;\">\u00dcveg 3r\u00e9teg\u0171: Low-E 4-12-4-12-4Low-E+Argon h\u0151szigetelt \u00fcvegez\u00e9s<\/span><\/span><\/li>\n<li><span style=\"font-family:verdana,geneva,sans-serif;\"><span style=\"font-size: 14px;\">Fel\u00fcletkezelt ablakokon ALURON szokny\u00e1s v\u00edzvet\u0151 \u00e9s sz\u00e1rnytakar\u00f3 profil<\/span><\/span><\/li>\n<li><span style=\"font-family:verdana,geneva,sans-serif;\"><span style=\"font-size: 14px;\">ROTO NT biztons\u00e1gi vasalat &nbsp;hib\u00e1s m\u0171k\u00f6dtet\u00e9s g\u00e1tl\u00f3 \u00e9s r\u00e9sszell\u0151ztet\u0151 funkci\u00f3val<\/span><\/span><\/li>\n<li><span style=\"font-family:verdana,geneva,sans-serif;\"><span style=\"font-size: 14px;\">Hoppe elox\u00e1lt alum\u00ednium kilincs<\/span><\/span><\/li>\n<li><span style=\"font-family:verdana,geneva,sans-serif;\"><span style=\"font-size: 14px;\">V\u00e1laszthat\u00f3 kilincs sz\u00ednek: F2 Pezsg\u0151; F4 Bronz; <\/span><\/span><\/li>\n<\/ul>\n<p><span style=\"font-family:verdana,geneva,sans-serif;\"><span style=\"font-size: 14px;\">MILESI SPA HYDROCROM gy\u00e1ri laz\u00faros 3+1 r\u00e9teg\u0171 fel\u00fcletkezel\u00e9s (21 f\u00e9le standard sz\u00edn + feh\u00e9r) sz\u00ednminta alapj\u00e1n! <\/span><\/span><\/p>\n<p><span style=\"font-size:14px;\"><span style=\"font-family: verdana,geneva,sans-serif;\">Sz\u00ednminta megtekint\u00e9se:<\/span><\/span><\/p>\n<p><strong><span style=\"font-size:14px;\"><span style=\"font-family: verdana,geneva,sans-serif;\"><a href=\"http:\/\/www.ablakkarter.hu\/sites\/default\/files\/Vastaglaz%C3%BAr%20sz%C3%ADnl%C3%A9tra_borovifeny%C5%91n.pdf\"><span style=\"color:#ffd700;\">Vastaglaz\u00far sz\u00ednl\u00e9tra borovifeny\u0151n<\/span><\/a><\/span><\/span><\/strong><\/p>\n<\/td>\n<td>\n<p style=\"text-align: left;\"><img loading=\"lazy\" decoding=\"async\" class=\" size-full wp-image-7\" alt=\"\" height=\"310\" src=\"https:\/\/www.ablakkarter.hu\/wp-content\/uploads\/2012\/05\/FA68.png\" width=\"240\" \/><\/p>\n<\/td>\n<\/tr>\n<\/tbody>\n<\/table>\n<h2 class=\"art-postheader\"><a href=\"\/karter-thermo78\"><span style=\"color:#ffd700;\">Tov\u00e1bb a KARTER Thermo78 oldalra<\/span><\/a><\/h2>\n","protected":false},"author":1,"featured_media":7,"parent":0,"menu_order":0,"comment_status":"closed","ping_status":"closed","template":"","meta":{"footnotes":""},"class_list":["post-11","page","type-page","status-publish","has-post-thumbnail","hentry"],"_links":{"self":[{"href":"https:\/\/www.ablakkarter.hu\/index.php?rest_route=\/wp\/v2\/pages\/11","targetHints":{"allow":["GET"]}}],"collection":[{"href":"https:\/\/www.ablakkarter.hu\/index.php?rest_route=\/wp\/v2\/pages"}],"about":[{"href":"https:\/\/www.ablakkarter.hu\/index.php?rest_route=\/wp\/v2\/types\/page"}],"author":[{"embeddable":true,"href":"https:\/\/www.ablakkarter.hu\/index.php?rest_route=\/wp\/v2\/users\/1"}],"replies":[{"embeddable":true,"href":"https:\/\/www.ablakkarter.hu\/index.php?rest_route=%2Fwp%2Fv2%2Fcomments&post=11"}],"version-history":[{"count":1,"href":"https:\/\/www.ablakkarter.hu\/index.php?rest_route=\/wp\/v2\/pages\/11\/revisions"}],"predecessor-version":[{"id":1335,"href":"https:\/\/www.ablakkarter.hu\/index.php?rest_route=\/wp\/v2\/pages\/11\/revisions\/1335"}],"wp:featuredmedia":[{"embeddable":true,"href":"https:\/\/www.ablakkarter.hu\/index.php?rest_route=\/wp\/v2\/media\/7"}],"wp:attachment":[{"href":"https:\/\/www.ablakkarter.hu\/index.php?rest_route=%2Fwp%2Fv2%2Fmedia&parent=11"}],"curies":[{"name":"wp","href":"https:\/\/api.w.org\/{rel}","templated":true}]}}